{"id":159,"date":"2026-02-20T00:48:58","date_gmt":"2026-02-19T23:48:58","guid":{"rendered":"https:\/\/tanacsadas-magyarul.at\/?page_id=159"},"modified":"2026-02-20T01:14:44","modified_gmt":"2026-02-20T00:14:44","slug":"online-tanacsadas-magyarul-ausztriaban-eloknek","status":"publish","type":"page","link":"https:\/\/tanacsadas-magyarul.at\/?page_id=159","title":{"rendered":"Online tan\u00e1csad\u00e1s magyarul &#8211; Ausztri\u00e1ban \u00e9l\u0151knek"},"content":{"rendered":"<div class=\"wp-block-image\">\n<figure class=\"alignright size-large is-resized\"><img loading=\"lazy\" decoding=\"async\" width=\"1024\" height=\"683\" src=\"https:\/\/tanacsadas-magyarul.at\/wp-content\/uploads\/2026\/02\/1000024770-1024x683.jpg\" alt=\"\" class=\"wp-image-151\" style=\"aspect-ratio:0.75;object-fit:cover;width:175px;height:auto\" srcset=\"https:\/\/tanacsadas-magyarul.at\/wp-content\/uploads\/2026\/02\/1000024770-1024x683.jpg 1024w, https:\/\/tanacsadas-magyarul.at\/wp-content\/uploads\/2026\/02\/1000024770-300x200.jpg 300w, https:\/\/tanacsadas-magyarul.at\/wp-content\/uploads\/2026\/02\/1000024770-768x512.jpg 768w, https:\/\/tanacsadas-magyarul.at\/wp-content\/uploads\/2026\/02\/1000024770.jpg 1536w\" sizes=\"auto, (max-width: 1024px) 100vw, 1024px\" \/><figcaption class=\"wp-element-caption\">Szeber\u00e9nyi Adri\u00e1n<\/figcaption><\/figure>\n<\/div>\n\n\n<p>Ha \u00fagy \u00e9rzi, hogy valami neh\u00e9z vagy kusza a mindennapjaiban, \u00e9s szeretne v\u00e9gre r\u00e1n\u00e9zni arra, ami most fontos &#8211; itt j\u00f3 helyen j\u00e1r.<\/p>\n\n\n\n<div class=\"wp-block-buttons is-content-justification-center is-layout-flex wp-container-core-buttons-is-layout-16018d1d wp-block-buttons-is-layout-flex\">\n<div class=\"wp-block-button\"><a class=\"wp-block-button__link wp-element-button\" href=\"tel:+36203669637\">Id\u0151pont foglal\u00e1sa online vide\u00f3s besz\u00e9lget\u00e9sre<\/a><\/div>\n<\/div>\n\n\n\n<h6 class=\"wp-block-heading\">Mikor lehet ez seg\u00edts\u00e9g?<\/h6>\n\n\n\n<ul class=\"wp-block-list\">\n<li>ha neh\u00e9zs\u00e9gekkel k\u00fczd kapcsolataiban<\/li>\n\n\n\n<li>ha a napok t\u00f6bb fesz\u00fclts\u00e9get hoznak, mint megk\u00f6nnyebb\u00fcl\u00e9st<\/li>\n\n\n\n<li>ha szeretn\u00e9 tiszt\u00e1bban l\u00e1tni, mi zajlik most<\/li>\n<\/ul>\n\n\n\n<p>ahol a k\u00f6z\u00f6s gondolkod\u00e1s seg\u00edt tiszt\u00e1bban l\u00e1tni, merre \u00e9rdemes l\u00e9pni<\/p>\n\n\n\n<h6 class=\"wp-block-heading\">Hogyan zajlik egy online besz\u00e9lget\u00e9s?<\/h6>\n\n\n\n<ol class=\"wp-block-list\">\n<li><strong>Id\u0151pont foglal\u00e1sa <\/strong>\u2013 rugalmasan, \u00d6nnek megfelel\u0151 id\u0151re. <\/li>\n\n\n\n<li><strong>50 perces vide\u00f3s besz\u00e9lget\u00e9s <\/strong>\u2013 Zoom vagy Google Meet platformon. <\/li>\n\n\n\n<li><strong>Figyelem arra, ami most fontos <\/strong>\u2013 egy\u00fctt r\u00e1n\u00e9z\u00fcnk arra, ami \u00d6nnel t\u00f6rt\u00e9nik, \u00e9s keres\u00fcnk ir\u00e1nyokat, amik el\u0151re viszik.<\/li>\n<\/ol>\n\n\n\n<h6 class=\"wp-block-heading\">\u00c1r<\/h6>\n\n\n\n<p><strong>65 \u20ac\/alkalom<\/strong><\/p>\n\n\n\n<p>Online besz\u00e9lget\u00e9s magyar nyelven, a saj\u00e1t temp\u00f3j\u00e1ban \u00e9s ritmus\u00e1ban.<\/p>\n\n\n\n<h6 class=\"wp-block-heading\">Mi\u00e9rt m\u0171k\u00f6dik ez online is?<\/h6>\n\n\n\n<ul class=\"wp-block-list\">\n<li>otthonr\u00f3l, k\u00e9nyelmesen csatlakozhat <\/li>\n\n\n\n<li>a besz\u00e9lget\u00e9s a l\u00e9nyegre f\u00f3kusz\u00e1l <\/li>\n\n\n\n<li>nincs utaz\u00e1s, id\u0151vesztes\u00e9g <\/li>\n\n\n\n<li>magyarul besz\u00e9l\u00fcnk, vil\u00e1gosan \u00e9s \u00e9rthet\u0151en<\/li>\n<\/ul>\n\n\n\n<h6 class=\"wp-block-heading\">Szakmai h\u00e1tt\u00e9r<\/h6>\n\n\n\n<p>A besz\u00e9lget\u00e9sek m\u00f6g\u00f6tt t\u00f6bb\u00e9ves szakmai tapasztalat \u00e9s k\u00e9pzetts\u00e9g \u00e1ll, amely a d\u00f6nt\u00e9si helyzetek, kapcsolati elakad\u00e1sok \u00e9s \u00e9letvezet\u00e9si k\u00e9rd\u00e9sek \u00e1ttekint\u00e9s\u00e9t seg\u00edti.<\/p>\n\n\n\n<h5 class=\"wp-block-heading\"><a href=\"https:\/\/tanacsadas-magyarul.at\/?page_id=29\" data-type=\"page\" data-id=\"29\">Szakmai h\u00e1tt\u00e9r \u00e9s k\u00e9pzetts\u00e9g megtekint\u00e9se<\/a><\/h5>\n\n\n\n<p>Ez seg\u00edt abban, hogy megalapozottabb legyen az els\u0151 d\u00f6nt\u00e9s.<\/p>\n\n\n\n<div class=\"wp-block-buttons is-content-justification-center is-layout-flex wp-container-core-buttons-is-layout-16018d1d wp-block-buttons-is-layout-flex\">\n<div class=\"wp-block-button\"><a class=\"wp-block-button__link wp-element-button\" href=\"tel:+36203669637\">Online id\u0151pont foglal\u00e1sa<\/a><\/div>\n<\/div>\n\n\n\n<p>Nem kell mindent egyed\u00fcl cipelnie. A nyugodt, f\u00f3kusz\u00e1lt besz\u00e9lget\u00e9sek seg\u00edthetnek abban, hogy \u00e1ttekinthet\u0151bb\u00e9 v\u00e1ljon, mi t\u00f6rt\u00e9nik az \u00e9let\u00e9ben.<\/p>\n\n\n\n<p><\/p>\n","protected":false},"excerpt":{"rendered":"<p>Ha \u00fagy \u00e9rzi, hogy valami neh\u00e9z vagy kusza a mindennapjaiban, \u00e9s szeretne v\u00e9gre r\u00e1n\u00e9zni arra, ami most fontos &#8211; itt j\u00f3 helyen j\u00e1r. Mikor lehet ez seg\u00edts\u00e9g? ahol a k\u00f6z\u00f6s gondolkod\u00e1s seg\u00edt tiszt\u00e1bban l\u00e1tni, merre \u00e9rdemes l\u00e9pni Hogyan zajlik egy online besz\u00e9lget\u00e9s? \u00c1r 65 \u20ac\/alkalom Online besz\u00e9lget\u00e9s magyar nyelven, a saj\u00e1t temp\u00f3j\u00e1ban \u00e9s ritmus\u00e1ban. Mi\u00e9rt [&hellip;]<\/p>\n","protected":false},"author":1,"featured_media":0,"parent":0,"menu_order":0,"comment_status":"closed","ping_status":"closed","template":"","meta":{"footnotes":""},"class_list":["post-159","page","type-page","status-publish","hentry"],"_links":{"self":[{"href":"https:\/\/tanacsadas-magyarul.at\/index.php?rest_route=\/wp\/v2\/pages\/159","targetHints":{"allow":["GET"]}}],"collection":[{"href":"https:\/\/tanacsadas-magyarul.at\/index.php?rest_route=\/wp\/v2\/pages"}],"about":[{"href":"https:\/\/tanacsadas-magyarul.at\/index.php?rest_route=\/wp\/v2\/types\/page"}],"author":[{"embeddable":true,"href":"https:\/\/tanacsadas-magyarul.at\/index.php?rest_route=\/wp\/v2\/users\/1"}],"replies":[{"embeddable":true,"href":"https:\/\/tanacsadas-magyarul.at\/index.php?rest_route=%2Fwp%2Fv2%2Fcomments&post=159"}],"version-history":[{"count":7,"href":"https:\/\/tanacsadas-magyarul.at\/index.php?rest_route=\/wp\/v2\/pages\/159\/revisions"}],"predecessor-version":[{"id":167,"href":"https:\/\/tanacsadas-magyarul.at\/index.php?rest_route=\/wp\/v2\/pages\/159\/revisions\/167"}],"wp:attachment":[{"href":"https:\/\/tanacsadas-magyarul.at\/index.php?rest_route=%2Fwp%2Fv2%2Fmedia&parent=159"}],"curies":[{"name":"wp","href":"https:\/\/api.w.org\/{rel}","templated":true}]}}