{"id":29,"date":"2026-02-02T22:13:03","date_gmt":"2026-02-02T21:13:03","guid":{"rendered":"https:\/\/tanacsadas-magyarul.at\/?page_id=29"},"modified":"2026-02-15T19:14:20","modified_gmt":"2026-02-15T18:14:20","slug":"szakmai-hatter-es-kepzettseg","status":"publish","type":"page","link":"https:\/\/tanacsadas-magyarul.at\/?page_id=29","title":{"rendered":"Szakmai h\u00e1tt\u00e9r \u00e9s k\u00e9pzetts\u00e9g"},"content":{"rendered":"\n<h2 class=\"wp-block-heading\">K\u00e9pzetts\u00e9g<\/h2>\n\n\n\n<ul class=\"wp-block-list\">\n<li><strong>Szegedi Tudom\u00e1nyegyetem<\/strong><br>Okleveles pszichol\u00f3gus<\/li>\n\n\n\n<li><strong>NaNe Egyes\u00fclet<\/strong><br><em>Seg\u00edt\u0151 munka a p\u00e1rkapcsolati er\u0151szak \u00e1ldozataival<\/em> k\u00e9pz\u00e9s<\/li>\n\n\n\n<li><strong>T\u0171zmad\u00e1r Alap\u00edtv\u00e1ny <\/strong><br><em>Hospice \u00f6nk\u00e9ntes <\/em>k\u00e9pz\u00e9s<\/li>\n\n\n\n<li><strong>Giunti Psychometrics<\/strong><br><em>WISC-IV (Wechsler Intelligence Scale IV) k\u00e9pess\u00e9gteszt-felv\u00e9tel<\/em> k\u00e9pz\u00e9s<\/li>\n\n\n\n<li><strong>Vadaskert Alap\u00edtv\u00e1ny<\/strong> \n<ul class=\"wp-block-list\">\n<li><em>Coping Cat <\/em>(a szorong\u00f3 gyermekek \u00e9s serd\u00fcl\u0151k kezel\u00e9s\u00e9re kidolgozott kognit\u00edv-viselked\u00e9ster\u00e1pi\u00e1s program) k\u00e9pz\u00e9s<\/li>\n\n\n\n<li><em>PASCET<\/em> (a depresszi\u00f3s gyermekek \u00e9s serd\u00fcl\u0151k kezel\u00e9s\u00e9re kidolgozott kognit\u00edv-viselked\u00e9ster\u00e1pi\u00e1s program) k\u00e9pz\u00e9s<\/li>\n<\/ul>\n<\/li>\n<\/ul>\n\n\n\n<h2 class=\"wp-block-heading\">Szakmai min\u0151s\u00e9gbiztos\u00edt\u00e1s<\/h2>\n\n\n<div class=\"wp-block-image is-style-default\">\n<figure class=\"alignright size-full is-resized\"><img loading=\"lazy\" decoding=\"async\" width=\"1536\" height=\"1024\" src=\"https:\/\/tanacsadas-magyarul.at\/wp-content\/uploads\/2026\/02\/1000024770-1.jpg\" alt=\"\" class=\"wp-image-154\" style=\"aspect-ratio:9\/16;object-fit:cover;width:150px\" srcset=\"https:\/\/tanacsadas-magyarul.at\/wp-content\/uploads\/2026\/02\/1000024770-1.jpg 1536w, https:\/\/tanacsadas-magyarul.at\/wp-content\/uploads\/2026\/02\/1000024770-1-300x200.jpg 300w, https:\/\/tanacsadas-magyarul.at\/wp-content\/uploads\/2026\/02\/1000024770-1-1024x683.jpg 1024w, https:\/\/tanacsadas-magyarul.at\/wp-content\/uploads\/2026\/02\/1000024770-1-768x512.jpg 768w\" sizes=\"auto, (max-width: 1536px) 100vw, 1536px\" \/><\/figure>\n<\/div>\n\n\n<ul class=\"wp-block-list\">\n<li>csoportos szuperv\u00edzi\u00f3 havi egy alkalommal<\/li>\n\n\n\n<li>egy\u00e9ni szuperv\u00edzi\u00f3 k\u00e9thetente<\/li>\n<\/ul>\n\n\n\n<h2 class=\"wp-block-heading\">\u00d6nismereti munka<\/h2>\n\n\n\n<ul class=\"wp-block-list\">\n<li>2 x 250 \u00f3ra \u00f6nismereti csoportf\u00f3kusz\u00fa pszichodr\u00e1ma M\u00e9rei Zsuzsa \u00e9s S\u00e1fr\u00e1n Zs\u00f3fia vezet\u00e9s\u00e9vel<\/li>\n\n\n\n<li>t\u00f6bb \u00e9ves, egy\u00e9ni \u00f6nismereti munka k\u00fcl\u00f6nb\u00f6z\u0151 pszichol\u00f3gusokkal, jelenleg is zajlik<\/li>\n<\/ul>\n\n\n\n<h2 class=\"wp-block-heading\">Munkahelyek<\/h2>\n\n\n\n<ul class=\"wp-block-list\">\n<li><strong>Rem\u00e9nysug\u00e1r Habilit\u00e1ci\u00f3s Int\u00e9zet<\/strong>,<strong>Budapest<\/strong><br>Munkav\u00e9gz\u00e9s halmozottan h\u00e1tr\u00e1nyos helyzet\u0171 szem\u00e9lyekkel<\/li>\n\n\n\n<li><strong>\u00daj \u00fati K\u00fcl\u00f6nleges Gyermekotthon, Tata<br><\/strong>pszichol\u00f3gus, \u00e1llami gondozott fiatalkor\u00faak pszichol\u00f3giai t\u00e1mogat\u00e1sa<\/li>\n\n\n\n<li><strong>Pedag\u00f3giai Szakszolg\u00e1lat, Tata<br><\/strong>pszichol\u00f3gus, szak\u00e9rt\u0151i tev\u00e9kenys\u00e9g \u00e9s nevel\u00e9si tan\u00e1csad\u00e1s<\/li>\n\n\n\n<li><strong><a href=\"https:\/\/www.mozaikhaz.hu\/\" target=\"_blank\" rel=\"noreferrer noopener\">Mozaik H\u00e1z<\/a>, V\u00e9rtessz\u0151l\u0151s<br><\/strong>pszichol\u00f3gus, nevel\u00e9si tan\u00e1csad\u00e1s, egy\u00e9ni pszichol\u00f3giai \u00e9s \u00e9letvezet\u00e9si tan\u00e1csad\u00e1s feln\u0151tteknek, serd\u00fcl\u0151knek, gyermekek pszich\u00e9s megseg\u00edt\u00e9se<\/li>\n<\/ul>\n\n\n\n<h2 class=\"wp-block-heading\">\u00d6nk\u00e9ntes tev\u00e9kenys\u00e9g<\/h2>\n\n\n\n<ul class=\"wp-block-list\">\n<li><strong>Szent L\u00e1szl\u00f3 K\u00f3rh\u00e1z onkol\u00f3giai oszt\u00e1ly \u2013 hospice r\u00e9szleg, Budapest<br><\/strong>\u00d6nk\u00e9ntes tev\u00e9kenys\u00e9g<\/li>\n\n\n\n<li><strong>Gyermekotthon, Oroszl\u00e1ny<\/strong><br><a href=\"https:\/\/www.oroszlanygyo.hu\/szakmai-nap\" target=\"_blank\" rel=\"noreferrer noopener\">Kiscsoportos m\u0171helymunka gyermekotthoni nevel\u0151k r\u00e9sz\u00e9re<\/a><\/li>\n<\/ul>\n\n\n\n<h2 class=\"wp-block-heading\">Sajt\u00f3megjelen\u00e9sek<\/h2>\n\n\n\n<ul class=\"wp-block-list\">\n<li><strong>WMN Magazin<\/strong> &#8211; interj\u00fa<br><a href=\"https:\/\/wmn.hu\/wmn-life\/64528-mamahotel-kesoi-kulonkoltozes-parkapcsolatok-felnotte-valas\" target=\"_blank\" rel=\"noreferrer noopener\">A mamahotel \u00e1ra: hogyan hat a k\u00e9s\u0151i k\u00fcl\u00f6nk\u00f6lt\u00f6z\u00e9s a p\u00e1rkapcsolatokra \u00e9s a feln\u0151tt\u00e9 v\u00e1l\u00e1sra?<\/a><\/li>\n\n\n\n<li><strong>Gyerekszoba Magazin<\/strong> &#8211; interj\u00fa<br><a href=\"https:\/\/gyerekszoba.hu\/csalad\/apak-napja-a-gyerekszoba-hu-n-nalunk-az-anya-es-az-apaszerep-egyenrangu\/\" target=\"_blank\" rel=\"noreferrer noopener\">Ap\u00e1k napja a Gyerekszoba.hu-n: \u201eN\u00e1lunk az anya- \u00e9s az apaszerep egyenrang\u00fa\u201d<\/a><\/li>\n<\/ul>\n\n\n\n<p><\/p>\n","protected":false},"excerpt":{"rendered":"<p>K\u00e9pzetts\u00e9g Szakmai min\u0151s\u00e9gbiztos\u00edt\u00e1s \u00d6nismereti munka Munkahelyek \u00d6nk\u00e9ntes tev\u00e9kenys\u00e9g Sajt\u00f3megjelen\u00e9sek<\/p>\n","protected":false},"author":1,"featured_media":151,"parent":0,"menu_order":0,"comment_status":"closed","ping_status":"closed","template":"","meta":{"footnotes":""},"class_list":["post-29","page","type-page","status-publish","has-post-thumbnail","hentry"],"_links":{"self":[{"href":"https:\/\/tanacsadas-magyarul.at\/index.php?rest_route=\/wp\/v2\/pages\/29","targetHints":{"allow":["GET"]}}],"collection":[{"href":"https:\/\/tanacsadas-magyarul.at\/index.php?rest_route=\/wp\/v2\/pages"}],"about":[{"href":"https:\/\/tanacsadas-magyarul.at\/index.php?rest_route=\/wp\/v2\/types\/page"}],"author":[{"embeddable":true,"href":"https:\/\/tanacsadas-magyarul.at\/index.php?rest_route=\/wp\/v2\/users\/1"}],"replies":[{"embeddable":true,"href":"https:\/\/tanacsadas-magyarul.at\/index.php?rest_route=%2Fwp%2Fv2%2Fcomments&post=29"}],"version-history":[{"count":21,"href":"https:\/\/tanacsadas-magyarul.at\/index.php?rest_route=\/wp\/v2\/pages\/29\/revisions"}],"predecessor-version":[{"id":158,"href":"https:\/\/tanacsadas-magyarul.at\/index.php?rest_route=\/wp\/v2\/pages\/29\/revisions\/158"}],"wp:featuredmedia":[{"embeddable":true,"href":"https:\/\/tanacsadas-magyarul.at\/index.php?rest_route=\/wp\/v2\/media\/151"}],"wp:attachment":[{"href":"https:\/\/tanacsadas-magyarul.at\/index.php?rest_route=%2Fwp%2Fv2%2Fmedia&parent=29"}],"curies":[{"name":"wp","href":"https:\/\/api.w.org\/{rel}","templated":true}]}}