{"id":65,"date":"2026-02-04T00:06:24","date_gmt":"2026-02-03T23:06:24","guid":{"rendered":"https:\/\/tanacsadas-magyarul.at\/?page_id=65"},"modified":"2026-02-20T01:22:09","modified_gmt":"2026-02-20T00:22:09","slug":"tanacsadas-gussingben","status":"publish","type":"page","link":"https:\/\/tanacsadas-magyarul.at\/?page_id=65","title":{"rendered":"Tan\u00e1csad\u00e1s G\u00fcssingben"},"content":{"rendered":"\n<h6 class=\"wp-block-heading\">Neh\u00e9z \u00e1tl\u00e1tni, mi mi\u00e9rt t\u00f6rt\u00e9nik az \u00e9let\u00e9ben?<\/h6>\n\n\n\n<h6 class=\"wp-block-heading\">D\u00f6nt\u00e9sek k\u00f6z\u00f6tt \u0151rl\u0151dik?<\/h6>\n\n\n\n<h6 class=\"wp-block-heading\">J\u00f3lesne v\u00e9gre nyugodtan besz\u00e9lni, gondolkozni err\u0151l?<\/h6>\n\n\n\n<div class=\"wp-block-buttons is-content-justification-center is-layout-flex wp-container-core-buttons-is-layout-16018d1d wp-block-buttons-is-layout-flex\">\n<div class=\"wp-block-button is-style-fill\"><a class=\"wp-block-button__link wp-element-button\" href=\"tel:+36203669637\">Id\u0151pontot k\u00e9rek szem\u00e9lyes besz\u00e9lget\u00e9sre<\/a><\/div>\n<\/div>\n\n\n\n<div class=\"wp-block-columns is-layout-flex wp-container-core-columns-is-layout-9d6595d7 wp-block-columns-is-layout-flex\">\n<div class=\"wp-block-column is-layout-flow wp-block-column-is-layout-flow\">\n<div class=\"wp-block-media-text is-stacked-on-mobile is-vertically-aligned-center is-image-fill-element has-medium-font-size\" style=\"grid-template-columns:25% auto\"><figure class=\"wp-block-media-text__media\"><img loading=\"lazy\" decoding=\"async\" width=\"1024\" height=\"683\" src=\"https:\/\/tanacsadas-magyarul.at\/wp-content\/uploads\/2026\/02\/1000024770-1024x683.jpg\" alt=\"\" class=\"wp-image-151 size-medium\" style=\"object-position:43% 32%\" srcset=\"https:\/\/tanacsadas-magyarul.at\/wp-content\/uploads\/2026\/02\/1000024770-1024x683.jpg 1024w, https:\/\/tanacsadas-magyarul.at\/wp-content\/uploads\/2026\/02\/1000024770-300x200.jpg 300w, https:\/\/tanacsadas-magyarul.at\/wp-content\/uploads\/2026\/02\/1000024770-768x512.jpg 768w, https:\/\/tanacsadas-magyarul.at\/wp-content\/uploads\/2026\/02\/1000024770.jpg 1536w\" sizes=\"auto, (max-width: 1024px) 100vw, 1024px\" \/><\/figure><div class=\"wp-block-media-text__content\">\n<p><em>Szeber\u00e9nyi Adri\u00e1n<\/em><\/p>\n\n\n\n<p>Besz\u00e9lget\u00e9sen alapul\u00f3 \u00e9letvezet\u00e9si tan\u00e1csad\u00e1s, ahol nem k\u00e9sz v\u00e1laszokat kap, hanem lehet\u0151s\u00e9get arra, hogy \u00e9rthet\u0151bb\u00e9 v\u00e1ljon az, ami most neh\u00e9z vagy kusza.<\/p>\n\n\n\n<p>A hangs\u00faly a meg\u00e9rt\u00e9sen, az elfogad\u00f3 l\u00e9gk\u00f6r\u00f6n \u00e9s a tov\u00e1bbl\u00e9p\u00e9si ir\u00e1nyok tiszt\u00e1z\u00e1s\u00e1n van.<\/p>\n\n\n\n<p><strong>A tan\u00e1csad\u00e1s m\u00f6g\u00f6tt t\u00f6bb\u00e9ves, fels\u0151fok\u00fa szakmai k\u00e9pz\u00e9s \u00e9s gyakorlati tapasztalat \u00e1ll.<\/strong><\/p>\n\n\n\n<p><a href=\"https:\/\/tanacsadas-magyarul.at\/?page_id=29\" data-type=\"page\" data-id=\"29\"><strong>Szakmai h\u00e1tt\u00e9r \u00e9s k\u00e9pzetts\u00e9g megtekint\u00e9se<\/strong><\/a><\/p>\n\n\n\n<p class=\"has-text-align-left\"><strong>A szem\u00e9lyes besz\u00e9lget\u00e9sek helysz\u00edne: <br><\/strong>G\u00fcssing, Meierhofgasse 2.<\/p>\n<\/div><\/div>\n<\/div>\n<\/div>\n\n\n\n<div class=\"wp-block-buttons is-content-justification-center is-layout-flex wp-container-core-buttons-is-layout-16018d1d wp-block-buttons-is-layout-flex\">\n<div class=\"wp-block-button is-style-fill\"><a class=\"wp-block-button__link wp-element-button\" href=\"tel:+36203669637\">Id\u0151pontot k\u00e9rek szem\u00e9lyes besz\u00e9lget\u00e9sre<\/a><\/div>\n<\/div>\n\n\n\n<p><\/p>\n","protected":false},"excerpt":{"rendered":"<p>Neh\u00e9z \u00e1tl\u00e1tni, mi mi\u00e9rt t\u00f6rt\u00e9nik az \u00e9let\u00e9ben? D\u00f6nt\u00e9sek k\u00f6z\u00f6tt \u0151rl\u0151dik? J\u00f3lesne v\u00e9gre nyugodtan besz\u00e9lni, gondolkozni err\u0151l? Szeber\u00e9nyi Adri\u00e1n Besz\u00e9lget\u00e9sen alapul\u00f3 \u00e9letvezet\u00e9si tan\u00e1csad\u00e1s, ahol nem k\u00e9sz v\u00e1laszokat kap, hanem lehet\u0151s\u00e9get arra, hogy \u00e9rthet\u0151bb\u00e9 v\u00e1ljon az, ami most neh\u00e9z vagy kusza. A hangs\u00faly a meg\u00e9rt\u00e9sen, az elfogad\u00f3 l\u00e9gk\u00f6r\u00f6n \u00e9s a tov\u00e1bbl\u00e9p\u00e9si ir\u00e1nyok tiszt\u00e1z\u00e1s\u00e1n van. A tan\u00e1csad\u00e1s m\u00f6g\u00f6tt [&hellip;]<\/p>\n","protected":false},"author":1,"featured_media":0,"parent":0,"menu_order":0,"comment_status":"closed","ping_status":"closed","template":"","meta":{"footnotes":""},"class_list":["post-65","page","type-page","status-publish","hentry"],"_links":{"self":[{"href":"https:\/\/tanacsadas-magyarul.at\/index.php?rest_route=\/wp\/v2\/pages\/65","targetHints":{"allow":["GET"]}}],"collection":[{"href":"https:\/\/tanacsadas-magyarul.at\/index.php?rest_route=\/wp\/v2\/pages"}],"about":[{"href":"https:\/\/tanacsadas-magyarul.at\/index.php?rest_route=\/wp\/v2\/types\/page"}],"author":[{"embeddable":true,"href":"https:\/\/tanacsadas-magyarul.at\/index.php?rest_route=\/wp\/v2\/users\/1"}],"replies":[{"embeddable":true,"href":"https:\/\/tanacsadas-magyarul.at\/index.php?rest_route=%2Fwp%2Fv2%2Fcomments&post=65"}],"version-history":[{"count":52,"href":"https:\/\/tanacsadas-magyarul.at\/index.php?rest_route=\/wp\/v2\/pages\/65\/revisions"}],"predecessor-version":[{"id":173,"href":"https:\/\/tanacsadas-magyarul.at\/index.php?rest_route=\/wp\/v2\/pages\/65\/revisions\/173"}],"wp:attachment":[{"href":"https:\/\/tanacsadas-magyarul.at\/index.php?rest_route=%2Fwp%2Fv2%2Fmedia&parent=65"}],"curies":[{"name":"wp","href":"https:\/\/api.w.org\/{rel}","templated":true}]}}